{"id":465,"date":"2023-10-26T14:11:07","date_gmt":"2023-10-26T14:11:07","guid":{"rendered":"https:\/\/erewanthai.rwpstaging.site\/?page_id=465"},"modified":"2024-06-05T11:18:18","modified_gmt":"2024-06-05T11:18:18","slug":"szalon-kaldy-gyula-u","status":"publish","type":"page","link":"https:\/\/erawanthai.hu\/en\/szalon-kaldy-gyula-u\/","title":{"rendered":"Szalon Kaldy Gyula u"},"content":{"rendered":"\t\t<div data-elementor-type=\"wp-page\" data-elementor-id=\"465\" class=\"elementor elementor-465\" data-elementor-post-type=\"page\">\n\t\t\t\t\t\t<section class=\"elementor-section elementor-top-section elementor-element elementor-element-94c0ea2 elementor-section-boxed elementor-section-height-default elementor-section-height-default\" data-id=\"94c0ea2\" data-element_type=\"section\" data-e-type=\"section\" data-settings=\"{&quot;background_background&quot;:&quot;slideshow&quot;,&quot;background_slideshow_gallery&quot;:[{&quot;id&quot;:142,&quot;url&quot;:&quot;https:\\\/\\\/erawanthai.hu\\\/wp-content\\\/uploads\\\/2023\\\/10\\\/ERAWAN-THAI-MASSZAZS-DSC_9401-1-scaled.jpg&quot;},{&quot;id&quot;:135,&quot;url&quot;:&quot;https:\\\/\\\/erawanthai.hu\\\/wp-content\\\/uploads\\\/2023\\\/10\\\/ERAWAN-THAI-MASSZAZS-thai-room-scaled.jpg&quot;},{&quot;id&quot;:141,&quot;url&quot;:&quot;https:\\\/\\\/erawanthai.hu\\\/wp-content\\\/uploads\\\/2023\\\/10\\\/ERAWAN-THAI-MASSZAZS-DSC_9398-scaled.jpg&quot;}],&quot;background_slideshow_loop&quot;:&quot;yes&quot;,&quot;background_slideshow_slide_duration&quot;:5000,&quot;background_slideshow_slide_transition&quot;:&quot;fade&quot;,&quot;background_slideshow_transition_duration&quot;:500}\">\n\t\t\t\t\t\t\t<div class=\"elementor-background-overlay\"><\/div>\n\t\t\t\t\t\t\t<div class=\"elementor-container elementor-column-gap-default\">\n\t\t\t\t\t<div class=\"elementor-column elementor-col-100 elementor-top-column elementor-element elementor-element-988c3e3\" data-id=\"988c3e3\" data-element_type=\"column\" data-e-type=\"column\">\n\t\t\t<div class=\"elementor-widget-wrap elementor-element-populated\">\n\t\t\t\t\t\t<div class=\"elementor-element elementor-element-f8c2f83 elementor-align-center elementor-widget elementor-widget-button\" data-id=\"f8c2f83\" data-element_type=\"widget\" data-e-type=\"widget\" data-widget_type=\"button.default\">\n\t\t\t\t<div class=\"elementor-widget-container\">\n\t\t\t\t\t\t\t\t\t<div class=\"elementor-button-wrapper\">\n\t\t\t\t\t<a class=\"elementor-button elementor-button-link elementor-size-sm\" href=\"https:\/\/erawanthai.hu\/booking\/\">\n\t\t\t\t\t\t<span class=\"elementor-button-content-wrapper\">\n\t\t\t\t\t\t\t\t\t<span class=\"elementor-button-text\">Foglaljon id\u0151pontot<\/span>\n\t\t\t\t\t<\/span>\n\t\t\t\t\t<\/a>\n\t\t\t\t<\/div>\n\t\t\t\t\t\t\t\t<\/div>\n\t\t\t\t<\/div>\n\t\t\t\t<div class=\"elementor-element elementor-element-6d08d2c elementor-invisible elementor-widget elementor-widget-text-editor\" data-id=\"6d08d2c\" data-element_type=\"widget\" data-e-type=\"widget\" data-settings=\"{&quot;_animation&quot;:&quot;fadeIn&quot;}\" data-widget_type=\"text-editor.default\">\n\t\t\t\t<div class=\"elementor-widget-container\">\n\t\t\t\t\t\t\t\t\t<p>BUDAPEST VI, K\u00e1ldy Gyula utca 6.<\/p>\t\t\t\t\t\t\t\t<\/div>\n\t\t\t\t<\/div>\n\t\t\t\t<div class=\"elementor-element elementor-element-43ce156 elementor-invisible elementor-widget elementor-widget-heading\" data-id=\"43ce156\" data-element_type=\"widget\" data-e-type=\"widget\" data-settings=\"{&quot;_animation&quot;:&quot;fadeIn&quot;,&quot;_animation_delay&quot;:200}\" data-widget_type=\"heading.default\">\n\t\t\t\t<div class=\"elementor-widget-container\">\n\t\t\t\t\t<h1 class=\"elementor-heading-title elementor-size-default\">ERAWAN THAI MASSZ\u00c1ZS<\/h1>\t\t\t\t<\/div>\n\t\t\t\t<\/div>\n\t\t\t\t<div class=\"elementor-element elementor-element-68eba68 elementor-widget-divider--view-line elementor-invisible elementor-widget elementor-widget-divider\" data-id=\"68eba68\" data-element_type=\"widget\" data-e-type=\"widget\" data-settings=\"{&quot;_animation&quot;:&quot;fadeIn&quot;,&quot;_animation_delay&quot;:400}\" data-widget_type=\"divider.default\">\n\t\t\t\t<div class=\"elementor-widget-container\">\n\t\t\t\t\t\t\t<div class=\"elementor-divider\">\n\t\t\t<span class=\"elementor-divider-separator\">\n\t\t\t\t\t\t<\/span>\n\t\t<\/div>\n\t\t\t\t\t\t<\/div>\n\t\t\t\t<\/div>\n\t\t\t\t<div class=\"elementor-element elementor-element-fc913da elementor-invisible elementor-widget elementor-widget-text-editor\" data-id=\"fc913da\" data-element_type=\"widget\" data-e-type=\"widget\" data-settings=\"{&quot;_animation&quot;:&quot;fadeIn&quot;,&quot;_animation_delay&quot;:600}\" data-widget_type=\"text-editor.default\">\n\t\t\t\t<div class=\"elementor-widget-container\">\n\t\t\t\t\t\t\t\t\t<section id=\"home\" class=\"no-padding slider-style3 border-none no-margin\"><div class=\"owl-slider-full owl-carousel owl-theme light-pagination md-no-owl-buttons\"><div class=\"owl-wrapper-outer\"><div class=\"owl-wrapper\"><div class=\"owl-item\"><div id=\"tz-bg-7\" class=\"item owl-bg-img tz-builder-bg-image cover-background bg-img-one\" data-img-size=\"(W)1920px X (H)909px\"><div class=\"container one-sixth-screen xs-one-third-screen position-relative\"><div class=\"col-md-6 colsm-6 col-xs-12 slider-typography text-center\"><div class=\"slider-text-middle-main\"><div class=\"slider-text-middle\"><div class=\"col-md-12 col-sm-10 col-xs-12 text-left no-padding alt-font slider-content\"><div id=\"tz-slider-text30\" class=\"text-light-gray text-medium slider-text width-90 xs-width-100 tz-text\"><p class=\"no-margin-bottom\">A LEGJOBB HELY A RELAX\u00c1L\u00c1SHOZ, FELFRISS\u00dcL\u00c9SHEZ<\/p><\/div><\/div><\/div><\/div><\/div><\/div><\/div><\/div><\/div><\/div><\/div><\/section>\t\t\t\t\t\t\t\t<\/div>\n\t\t\t\t<\/div>\n\t\t\t\t\t<\/div>\n\t\t<\/div>\n\t\t\t\t\t<\/div>\n\t\t<\/section>\n\t\t<div class=\"elementor-element elementor-element-ebe4705 e-flex e-con-boxed e-con e-parent\" data-id=\"ebe4705\" data-element_type=\"container\" data-e-type=\"container\" data-settings=\"{&quot;background_background&quot;:&quot;classic&quot;}\">\n\t\t\t\t\t<div class=\"e-con-inner\">\n\t\t<div class=\"elementor-element elementor-element-8a321ab e-con-full e-flex e-con e-child\" data-id=\"8a321ab\" data-element_type=\"container\" data-e-type=\"container\">\n\t\t\t\t<div class=\"elementor-element elementor-element-0fb3bcd elementor-widget elementor-widget-heading\" data-id=\"0fb3bcd\" data-element_type=\"widget\" data-e-type=\"widget\" data-widget_type=\"heading.default\">\n\t\t\t\t<div class=\"elementor-widget-container\">\n\t\t\t\t\t<h2 class=\"elementor-heading-title elementor-size-default\">\u00dcdv\u00f6z\u00f6lj\u00fck a harm\u00f3nia \u00e9s felfriss\u00fcl\u00e9s vil\u00e1g\u00e1ban! Fedezze fel a massz\u00e1zs gy\u00f3gy\u00edt\u00f3 erej\u00e9t n\u00e1lunk, ahol a test \u00e9s a l\u00e9lek egyes\u00fcl. Engedje meg mag\u00e1nak a kikapcsol\u00f3d\u00e1st \u00e9s a testi-lelki harm\u00f3ni\u00e1t.  <br>\nV\u00e1rjuk \u00d6nt szeretettel!<\/h2>\t\t\t\t<\/div>\n\t\t\t\t<\/div>\n\t\t\t\t<\/div>\n\t\t\t\t\t<\/div>\n\t\t\t\t<\/div>\n\t\t<div class=\"elementor-element elementor-element-ace782b e-flex e-con-boxed e-con e-parent\" data-id=\"ace782b\" data-element_type=\"container\" data-e-type=\"container\" data-settings=\"{&quot;background_background&quot;:&quot;classic&quot;}\">\n\t\t\t\t\t<div class=\"e-con-inner\">\n\t\t<div class=\"elementor-element elementor-element-dca9e99 e-con-full e-flex e-con e-child\" data-id=\"dca9e99\" data-element_type=\"container\" data-e-type=\"container\">\n\t\t\t\t<div class=\"elementor-element elementor-element-2ec454d elementor-icon-list--layout-traditional elementor-list-item-link-full_width elementor-widget elementor-widget-icon-list\" data-id=\"2ec454d\" data-element_type=\"widget\" data-e-type=\"widget\" data-widget_type=\"icon-list.default\">\n\t\t\t\t<div class=\"elementor-widget-container\">\n\t\t\t\t\t\t\t<ul class=\"elementor-icon-list-items\">\n\t\t\t\t\t\t\t<li class=\"elementor-icon-list-item\">\n\t\t\t\t\t\t\t\t\t\t\t<span class=\"elementor-icon-list-icon\">\n\t\t\t\t\t\t\t<i aria-hidden=\"true\" class=\"fas fa-map-marker-alt\"><\/i>\t\t\t\t\t\t<\/span>\n\t\t\t\t\t\t\t\t\t\t<span class=\"elementor-icon-list-text\">Budapest VI, Kaldy Gyula u. 6<\/span>\n\t\t\t\t\t\t\t\t\t<\/li>\n\t\t\t\t\t\t\t\t<li class=\"elementor-icon-list-item\">\n\t\t\t\t\t\t\t\t\t\t\t<a href=\"tel:+36203251179%20\">\n\n\t\t\t\t\t\t\t\t\t\t\t\t<span class=\"elementor-icon-list-icon\">\n\t\t\t\t\t\t\t<i aria-hidden=\"true\" class=\"fas fa-phone-alt\"><\/i>\t\t\t\t\t\t<\/span>\n\t\t\t\t\t\t\t\t\t\t<span class=\"elementor-icon-list-text\">+36203251179 <\/span>\n\t\t\t\t\t\t\t\t\t\t\t<\/a>\n\t\t\t\t\t\t\t\t\t<\/li>\n\t\t\t\t\t\t\t\t<li class=\"elementor-icon-list-item\">\n\t\t\t\t\t\t\t\t\t\t\t<span class=\"elementor-icon-list-icon\">\n\t\t\t\t\t\t\t<i aria-hidden=\"true\" class=\"far fa-envelope\"><\/i>\t\t\t\t\t\t<\/span>\n\t\t\t\t\t\t\t\t\t\t<span class=\"elementor-icon-list-text\">erawan_kaldy@erawanthai.hu <\/span>\n\t\t\t\t\t\t\t\t\t<\/li>\n\t\t\t\t\t\t\t\t<li class=\"elementor-icon-list-item\">\n\t\t\t\t\t\t\t\t\t\t\t<span class=\"elementor-icon-list-icon\">\n\t\t\t\t\t\t\t<i aria-hidden=\"true\" class=\"far fa-clock\"><\/i>\t\t\t\t\t\t<\/span>\n\t\t\t\t\t\t\t\t\t\t<span class=\"elementor-icon-list-text\">Minden nap 10:00 - 22:00<\/span>\n\t\t\t\t\t\t\t\t\t<\/li>\n\t\t\t\t\t\t<\/ul>\n\t\t\t\t\t\t<\/div>\n\t\t\t\t<\/div>\n\t\t\t\t<\/div>\n\t\t<div class=\"elementor-element elementor-element-a619002 e-con-full e-flex e-con e-child\" data-id=\"a619002\" data-element_type=\"container\" data-e-type=\"container\">\n\t\t\t\t<div class=\"elementor-element elementor-element-c83f4c8 elementor-widget elementor-widget-google_maps\" data-id=\"c83f4c8\" data-element_type=\"widget\" data-e-type=\"widget\" data-widget_type=\"google_maps.default\">\n\t\t\t\t<div class=\"elementor-widget-container\">\n\t\t\t\t\t\t\t<div class=\"elementor-custom-embed\">\n\t\t\t<iframe loading=\"lazy\"\n\t\t\t\t\tsrc=\"https:\/\/maps.google.com\/maps?q=Budapest%20VI%2C%20Kaldy%20Gyula%20u.%206%20&#038;t=m&#038;z=14&#038;output=embed&#038;iwloc=near\"\n\t\t\t\t\ttitle=\"Budapest VI, Kaldy Gyula u. 6 \"\n\t\t\t\t\taria-label=\"Budapest VI, Kaldy Gyula u. 6 \"\n\t\t\t><\/iframe>\n\t\t<\/div>\n\t\t\t\t\t\t<\/div>\n\t\t\t\t<\/div>\n\t\t\t\t<\/div>\n\t\t\t\t\t<\/div>\n\t\t\t\t<\/div>\n\t\t<div class=\"elementor-element elementor-element-cb113cb e-flex e-con-boxed e-con e-parent\" data-id=\"cb113cb\" data-element_type=\"container\" data-e-type=\"container\" data-settings=\"{&quot;background_background&quot;:&quot;classic&quot;}\">\n\t\t\t\t\t<div class=\"e-con-inner\">\n\t\t\t\t<div class=\"elementor-element elementor-element-f8c6e90 elementor-arrows-position-inside elementor-widget elementor-widget-image-carousel\" data-id=\"f8c6e90\" data-element_type=\"widget\" data-e-type=\"widget\" data-settings=\"{&quot;slides_to_show&quot;:&quot;3&quot;,&quot;slides_to_show_tablet&quot;:&quot;2&quot;,&quot;slides_to_scroll&quot;:&quot;1&quot;,&quot;navigation&quot;:&quot;arrows&quot;,&quot;autoplay&quot;:&quot;yes&quot;,&quot;pause_on_hover&quot;:&quot;yes&quot;,&quot;pause_on_interaction&quot;:&quot;yes&quot;,&quot;autoplay_speed&quot;:5000,&quot;infinite&quot;:&quot;yes&quot;,&quot;speed&quot;:500,&quot;image_spacing_custom&quot;:{&quot;unit&quot;:&quot;px&quot;,&quot;size&quot;:20,&quot;sizes&quot;:[]},&quot;image_spacing_custom_tablet&quot;:{&quot;unit&quot;:&quot;px&quot;,&quot;size&quot;:&quot;&quot;,&quot;sizes&quot;:[]},&quot;image_spacing_custom_mobile&quot;:{&quot;unit&quot;:&quot;px&quot;,&quot;size&quot;:&quot;&quot;,&quot;sizes&quot;:[]}}\" data-widget_type=\"image-carousel.default\">\n\t\t\t\t<div class=\"elementor-widget-container\">\n\t\t\t\t\t\t\t<div class=\"elementor-image-carousel-wrapper swiper\" role=\"region\" aria-roledescription=\"carousel\" aria-label=\"K\u00e9p k\u00f6rhinta\" dir=\"ltr\">\n\t\t\t<div class=\"elementor-image-carousel swiper-wrapper\" aria-live=\"off\">\n\t\t\t\t\t\t\t\t<div class=\"swiper-slide\" role=\"group\" aria-roledescription=\"slide\" aria-label=\"1 \/ 13\"><figure class=\"swiper-slide-inner\"><img decoding=\"async\" class=\"swiper-slide-image\" src=\"https:\/\/erawanthai.hu\/wp-content\/uploads\/2023\/10\/ERAWAN-THAI-MASSZAZS-DSC_9155-1024x684.jpg\" alt=\"ERAWAN THAI MASSZ\u00c1ZS DSC_9155\" \/><\/figure><\/div><div class=\"swiper-slide\" role=\"group\" aria-roledescription=\"slide\" aria-label=\"2 \/ 13\"><figure class=\"swiper-slide-inner\"><img decoding=\"async\" class=\"swiper-slide-image\" src=\"https:\/\/erawanthai.hu\/wp-content\/uploads\/2023\/10\/ERAWAN-THAI-MASSZAZS-DSC_9149-1024x684.jpg\" alt=\"ERAWAN THAI MASSZ\u00c1ZS DSC_9149\" \/><\/figure><\/div><div class=\"swiper-slide\" role=\"group\" aria-roledescription=\"slide\" aria-label=\"3 \/ 13\"><figure class=\"swiper-slide-inner\"><img decoding=\"async\" class=\"swiper-slide-image\" src=\"https:\/\/erawanthai.hu\/wp-content\/uploads\/2023\/10\/BENEFIT-OF-THAI-MASSAGE-1024x684.jpg\" alt=\"BENEFIT OF THAI MASSAGE\" \/><\/figure><\/div><div class=\"swiper-slide\" role=\"group\" aria-roledescription=\"slide\" aria-label=\"4 \/ 13\"><figure class=\"swiper-slide-inner\"><img decoding=\"async\" class=\"swiper-slide-image\" src=\"https:\/\/erawanthai.hu\/wp-content\/uploads\/2023\/10\/ERAWAN-THAI-MASSZAZS-DSC_9416-Edit_s.jpg\" alt=\"ERAWAN THAI MASSZ\u00c1ZS DSC_9416-Edit_s\" \/><\/figure><\/div><div class=\"swiper-slide\" role=\"group\" aria-roledescription=\"slide\" aria-label=\"5 \/ 13\"><figure class=\"swiper-slide-inner\"><img decoding=\"async\" class=\"swiper-slide-image\" src=\"https:\/\/erawanthai.hu\/wp-content\/uploads\/2023\/10\/ERAWAN-THAI-MASSZAZS-DSC_9401-1-1024x684.jpg\" alt=\"ERAWAN THAI MASSZ\u00c1ZS DSC_9401 (1)\" \/><\/figure><\/div><div class=\"swiper-slide\" role=\"group\" aria-roledescription=\"slide\" aria-label=\"6 \/ 13\"><figure class=\"swiper-slide-inner\"><img decoding=\"async\" class=\"swiper-slide-image\" src=\"https:\/\/erawanthai.hu\/wp-content\/uploads\/2023\/10\/ERAWAN-THAI-MASSZAZS-DSC_9398-1024x684.jpg\" alt=\"ERAWAN THAI MASSZ\u00c1ZS DSC_9398\" \/><\/figure><\/div><div class=\"swiper-slide\" role=\"group\" aria-roledescription=\"slide\" aria-label=\"7 \/ 13\"><figure class=\"swiper-slide-inner\"><img decoding=\"async\" class=\"swiper-slide-image\" src=\"https:\/\/erawanthai.hu\/wp-content\/uploads\/2023\/10\/ERAWAN-THAI-MASSZAZS-DSC_9002-1024x684.jpg\" alt=\"ERAWAN THAI MASSZ\u00c1ZS DSC_9002\" \/><\/figure><\/div><div class=\"swiper-slide\" role=\"group\" aria-roledescription=\"slide\" aria-label=\"8 \/ 13\"><figure class=\"swiper-slide-inner\"><img decoding=\"async\" class=\"swiper-slide-image\" src=\"https:\/\/erawanthai.hu\/wp-content\/uploads\/2023\/10\/ERAWAN-THAI-MASSZAZS-DSC_8975-1024x684.jpg\" alt=\"ERAWAN THAI MASSZ\u00c1ZS DSC_8975\" \/><\/figure><\/div><div class=\"swiper-slide\" role=\"group\" aria-roledescription=\"slide\" aria-label=\"9 \/ 13\"><figure class=\"swiper-slide-inner\"><img decoding=\"async\" class=\"swiper-slide-image\" src=\"https:\/\/erawanthai.hu\/wp-content\/uploads\/2023\/10\/ERAWAN-THAI-MASSZAZS-DSC_3446_s.jpg\" alt=\"ERAWAN THAI MASSZ\u00c1ZS DSC_3446_s\" \/><\/figure><\/div><div class=\"swiper-slide\" role=\"group\" aria-roledescription=\"slide\" aria-label=\"10 \/ 13\"><figure class=\"swiper-slide-inner\"><img decoding=\"async\" class=\"swiper-slide-image\" src=\"https:\/\/erawanthai.hu\/wp-content\/uploads\/2023\/10\/ERAWAN-THAI-MASSZAZS-DSC_3430-1024x684.jpg\" alt=\"ERAWAN THAI MASSZ\u00c1ZS DSC_3430\" \/><\/figure><\/div><div class=\"swiper-slide\" role=\"group\" aria-roledescription=\"slide\" aria-label=\"11 \/ 13\"><figure class=\"swiper-slide-inner\"><img decoding=\"async\" class=\"swiper-slide-image\" src=\"https:\/\/erawanthai.hu\/wp-content\/uploads\/2023\/10\/ERAWAN-THAI-MASSZAZS-DSC_9007-1024x684.jpg\" alt=\"ERAWAN THAI MASSZ\u00c1ZS DSC_9007\" \/><\/figure><\/div><div class=\"swiper-slide\" role=\"group\" aria-roledescription=\"slide\" aria-label=\"12 \/ 13\"><figure class=\"swiper-slide-inner\"><img decoding=\"async\" class=\"swiper-slide-image\" src=\"https:\/\/erawanthai.hu\/wp-content\/uploads\/2023\/10\/ERAWAN-THAI-MASSZAZS-DSC_9005-1024x684.jpg\" alt=\"ERAWAN THAI MASSZ\u00c1ZS DSC_9005\" \/><\/figure><\/div><div class=\"swiper-slide\" role=\"group\" aria-roledescription=\"slide\" aria-label=\"13 \/ 13\"><figure class=\"swiper-slide-inner\"><img decoding=\"async\" class=\"swiper-slide-image\" src=\"https:\/\/erawanthai.hu\/wp-content\/uploads\/2023\/10\/ERAWAN-THAI-MASSZAZS-DSC_9060_s.jpg\" alt=\"ERAWAN THAI MASSZ\u00c1ZS DSC_9060_s\" \/><\/figure><\/div>\t\t\t<\/div>\n\t\t\t\t\t\t\t\t\t\t\t\t<div class=\"elementor-swiper-button elementor-swiper-button-prev\" role=\"button\" tabindex=\"0\">\n\t\t\t\t\t\t<i aria-hidden=\"true\" class=\"eicon-chevron-left\"><\/i>\t\t\t\t\t<\/div>\n\t\t\t\t\t<div class=\"elementor-swiper-button elementor-swiper-button-next\" role=\"button\" tabindex=\"0\">\n\t\t\t\t\t\t<i aria-hidden=\"true\" class=\"eicon-chevron-right\"><\/i>\t\t\t\t\t<\/div>\n\t\t\t\t\n\t\t\t\t\t\t\t\t\t<\/div>\n\t\t\t\t\t\t<\/div>\n\t\t\t\t<\/div>\n\t\t\t\t\t<\/div>\n\t\t\t\t<\/div>\n\t\t\t\t<\/div>\n\t\t","protected":false},"excerpt":{"rendered":"<p>Foglaljon id\u0151pontot BUDAPEST VI, K\u00e1ldy Gyula utca 6. ERAWAN THAI MASSZ\u00c1ZS A LEGJOBB HELY A RELAX\u00c1L\u00c1SHOZ, FELFRISS\u00dcL\u00c9SHEZ \u00dcdv\u00f6z\u00f6lj\u00fck a harm\u00f3nia \u00e9s felfriss\u00fcl\u00e9s vil\u00e1g\u00e1ban! Fedezze fel a massz\u00e1zs gy\u00f3gy\u00edt\u00f3 erej\u00e9t n\u00e1lunk, ahol a test \u00e9s a l\u00e9lek egyes\u00fcl. Engedje meg mag\u00e1nak a kikapcsol\u00f3d\u00e1st \u00e9s a testi-lelki harm\u00f3ni\u00e1t. V\u00e1rjuk \u00d6nt szeretettel! Budapest VI, Kaldy Gyula u. 6 [&hellip;]<\/p>\n","protected":false},"author":1,"featured_media":0,"parent":0,"menu_order":0,"comment_status":"closed","ping_status":"closed","template":"","meta":{"footnotes":""},"class_list":["post-465","page","type-page","status-publish","hentry"],"jetpack_sharing_enabled":true,"_links":{"self":[{"href":"https:\/\/erawanthai.hu\/en\/wp-json\/wp\/v2\/pages\/465","targetHints":{"allow":["GET"]}}],"collection":[{"href":"https:\/\/erawanthai.hu\/en\/wp-json\/wp\/v2\/pages"}],"about":[{"href":"https:\/\/erawanthai.hu\/en\/wp-json\/wp\/v2\/types\/page"}],"author":[{"embeddable":true,"href":"https:\/\/erawanthai.hu\/en\/wp-json\/wp\/v2\/users\/1"}],"replies":[{"embeddable":true,"href":"https:\/\/erawanthai.hu\/en\/wp-json\/wp\/v2\/comments?post=465"}],"version-history":[{"count":5,"href":"https:\/\/erawanthai.hu\/en\/wp-json\/wp\/v2\/pages\/465\/revisions"}],"predecessor-version":[{"id":1130,"href":"https:\/\/erawanthai.hu\/en\/wp-json\/wp\/v2\/pages\/465\/revisions\/1130"}],"wp:attachment":[{"href":"https:\/\/erawanthai.hu\/en\/wp-json\/wp\/v2\/media?parent=465"}],"curies":[{"name":"wp","href":"https:\/\/api.w.org\/{rel}","templated":true}]}}